{"id":68,"date":"2025-04-23T12:46:17","date_gmt":"2025-04-23T10:46:17","guid":{"rendered":"https:\/\/rempe-hoersysteme.de\/?page_id=68"},"modified":"2025-07-30T11:27:23","modified_gmt":"2025-07-30T09:27:23","slug":"impressum","status":"publish","type":"page","link":"https:\/\/rempe-hoersysteme.de\/?page_id=68","title":{"rendered":"Impressum"},"content":{"rendered":"\t\t<div data-elementor-type=\"wp-page\" data-elementor-id=\"68\" class=\"elementor elementor-68\" data-elementor-post-type=\"page\">\n\t\t\t\t<div class=\"elementor-element elementor-element-c97b6b0 e-flex e-con-boxed e-con e-parent\" data-id=\"c97b6b0\" data-element_type=\"container\">\n\t\t\t\t\t<div class=\"e-con-inner\">\n\t\t\t\t<div class=\"elementor-element elementor-element-827c4c0 elementor-widget elementor-widget-heading\" data-id=\"827c4c0\" data-element_type=\"widget\" data-widget_type=\"heading.default\">\n\t\t\t\t<div class=\"elementor-widget-container\">\n\t\t\t\t\t<h2 class=\"elementor-heading-title elementor-size-default\">Impressum<\/h2>\t\t\t\t<\/div>\n\t\t\t\t<\/div>\n\t\t\t\t\t<\/div>\n\t\t\t\t<\/div>\n\t\t<div class=\"elementor-element elementor-element-b920bec e-flex e-con-boxed e-con e-parent\" data-id=\"b920bec\" data-element_type=\"container\">\n\t\t\t\t\t<div class=\"e-con-inner\">\n\t\t\t\t<div class=\"elementor-element elementor-element-a615fcd elementor-widget elementor-widget-text-editor\" data-id=\"a615fcd\" data-element_type=\"widget\" data-widget_type=\"text-editor.default\">\n\t\t\t\t<div class=\"elementor-widget-container\">\n\t\t\t\t\t\t\t\t\t<p>Verantwortlich im Sinne von \u00a76 MDStv:<br \/>J\u00f6rg Rempe, Gesch\u00e4ftsf\u00fchrer<br \/>H\u00f6rsysteme J\u00f6rg Rempe GmbH<br \/>Neubrunnenstra\u00dfe 19<br \/>55116 Mainz<\/p><p>Fon (06131) 22 23 94<br \/>Fax (06131) 22 23 96<\/p><p><a href=\"mailto:info@rempe.de\">info@rempe.de<\/a><br \/><a href=\"https:\/\/www.rempe.de\/\">https:\/\/www.rempe.de<\/a><\/p><p>Handelsregister<br \/>90 HRB 6702, Amtsgericht Mainz<\/p><p>Haftungsausschlu\u00df:<br \/>Trotz sorgf\u00e4ltiger inhaltlicher Kontrolle \u00fcbernehmen wir keine Haftung f\u00fcr die Inhalte externer Links. F\u00fcr den Inhalt der verlinkten Seiten sind ausschlie\u00dflich deren Betreiber verantwortlich.<\/p><p>Fotografie:<br \/><a href=\"http:\/\/www.5gaenge.de\/\">Christian Kuhlmann<br \/><\/a>Oticon<br \/>GN Hearing GmbH<\/p>\t\t\t\t\t\t\t\t<\/div>\n\t\t\t\t<\/div>\n\t\t\t\t\t<\/div>\n\t\t\t\t<\/div>\n\t\t\t\t<\/div>\n\t\t","protected":false},"excerpt":{"rendered":"<p>Impressum Verantwortlich im Sinne von \u00a76 MDStv:J\u00f6rg Rempe, Gesch\u00e4ftsf\u00fchrerH\u00f6rsysteme J\u00f6rg Rempe GmbHNeubrunnenstra\u00dfe 1955116 Mainz Fon (06131) 22 23 94Fax (06131) 22 23 96 info@rempe.dehttps:\/\/www.rempe.de Handelsregister90 HRB 6702, Amtsgericht Mainz Haftungsausschlu\u00df:Trotz sorgf\u00e4ltiger inhaltlicher Kontrolle \u00fcbernehmen wir keine Haftung f\u00fcr die Inhalte externer Links. F\u00fcr den Inhalt der verlinkten Seiten sind ausschlie\u00dflich deren Betreiber verantwortlich. Fotografie:Christian KuhlmannOticonGN [&hellip;]<\/p>\n","protected":false},"author":2,"featured_media":0,"parent":0,"menu_order":0,"comment_status":"closed","ping_status":"closed","template":"","meta":{"footnotes":""},"class_list":["post-68","page","type-page","status-publish","hentry"],"featured_image_src":null,"featured_image_src_square":null,"_links":{"self":[{"href":"https:\/\/rempe-hoersysteme.de\/index.php?rest_route=\/wp\/v2\/pages\/68","targetHints":{"allow":["GET"]}}],"collection":[{"href":"https:\/\/rempe-hoersysteme.de\/index.php?rest_route=\/wp\/v2\/pages"}],"about":[{"href":"https:\/\/rempe-hoersysteme.de\/index.php?rest_route=\/wp\/v2\/types\/page"}],"author":[{"embeddable":true,"href":"https:\/\/rempe-hoersysteme.de\/index.php?rest_route=\/wp\/v2\/users\/2"}],"replies":[{"embeddable":true,"href":"https:\/\/rempe-hoersysteme.de\/index.php?rest_route=%2Fwp%2Fv2%2Fcomments&post=68"}],"version-history":[{"count":0,"href":"https:\/\/rempe-hoersysteme.de\/index.php?rest_route=\/wp\/v2\/pages\/68\/revisions"}],"wp:attachment":[{"href":"https:\/\/rempe-hoersysteme.de\/index.php?rest_route=%2Fwp%2Fv2%2Fmedia&parent=68"}],"curies":[{"name":"wp","href":"https:\/\/api.w.org\/{rel}","templated":true}]}}